{"id":12,"date":"2020-08-27T09:15:19","date_gmt":"2020-08-27T09:15:19","guid":{"rendered":"https:\/\/marskin.ylirotu.fi\/?page_id=12"},"modified":"2024-12-19T07:30:32","modified_gmt":"2024-12-19T05:30:32","slug":"prologi","status":"publish","type":"page","link":"https:\/\/marskinmaja.net\/index.php\/prologi\/","title":{"rendered":"Prologi"},"content":{"rendered":"<div class='clear'><\/div><div id='sub_menu1'  class='av-submenu-container av-m4uvjncp-736f40f42396ae467f6d5ff2ec5a5c55 main_color  avia-builder-el-0  el_before_av_slideshow_full  avia-builder-el-first  av-sticky-submenu container_wrap fullsize' style='z-index:301' ><div class='container av-menu-mobile-disabled av-submenu-pos-right'><ul id=\"menu-suomi\" class=\"av-subnav-menu\" role=\"menu\"><li role=\"menuitem\" id=\"menu-item-621\" class=\"menu-item menu-item-type-post_type menu-item-object-page menu-item-home menu-item-top-level menu-item-top-level-1\"><a href=\"https:\/\/marskinmaja.net\/\" itemprop=\"url\" tabindex=\"0\"><span class=\"avia-bullet\"><\/span><span class=\"avia-menu-text\">Prologi<\/span><span class=\"avia-menu-fx\"><span class=\"avia-arrow-wrap\"><span class=\"avia-arrow\"><\/span><\/span><\/span><\/a><\/li>\n<li role=\"menuitem\" id=\"menu-item-269\" class=\"menu-item menu-item-type-post_type menu-item-object-page menu-item-top-level menu-item-top-level-2\"><a href=\"https:\/\/marskinmaja.net\/index.php\/metsastysmaja-2\/\" itemprop=\"url\" tabindex=\"0\"><span class=\"avia-bullet\"><\/span><span class=\"avia-menu-text\">Mets\u00e4stysmaja<\/span><span class=\"avia-menu-fx\"><span class=\"avia-arrow-wrap\"><span class=\"avia-arrow\"><\/span><\/span><\/span><\/a><\/li>\n<li role=\"menuitem\" id=\"menu-item-114\" class=\"menu-item menu-item-type-post_type menu-item-object-page menu-item-top-level menu-item-top-level-3\"><a href=\"https:\/\/marskinmaja.net\/index.php\/ylipaallikko\/\" itemprop=\"url\" tabindex=\"0\"><span class=\"avia-bullet\"><\/span><span class=\"avia-menu-text\">Ylip\u00e4\u00e4llikk\u00f6<\/span><span class=\"avia-menu-fx\"><span class=\"avia-arrow-wrap\"><span class=\"avia-arrow\"><\/span><\/span><\/span><\/a><\/li>\n<li role=\"menuitem\" id=\"menu-item-123\" class=\"menu-item menu-item-type-post_type menu-item-object-page menu-item-top-level menu-item-top-level-4\"><a href=\"https:\/\/marskinmaja.net\/index.php\/siviilielama\/\" itemprop=\"url\" tabindex=\"0\"><span class=\"avia-bullet\"><\/span><span class=\"avia-menu-text\">Siviiliel\u00e4m\u00e4<\/span><span class=\"avia-menu-fx\"><span class=\"avia-arrow-wrap\"><span class=\"avia-arrow\"><\/span><\/span><\/span><\/a><\/li>\n<li role=\"menuitem\" id=\"menu-item-128\" class=\"menu-item menu-item-type-post_type menu-item-object-page menu-item-top-level menu-item-top-level-5\"><a href=\"https:\/\/marskinmaja.net\/index.php\/venajan-armeija\/\" itemprop=\"url\" tabindex=\"0\"><span class=\"avia-bullet\"><\/span><span class=\"avia-menu-text\">Ven\u00e4j\u00e4n armeija<\/span><span class=\"avia-menu-fx\"><span class=\"avia-arrow-wrap\"><span class=\"avia-arrow\"><\/span><\/span><\/span><\/a><\/li>\n<li role=\"menuitem\" id=\"menu-item-310\" class=\"menu-item menu-item-type-post_type menu-item-object-page menu-item-top-level menu-item-top-level-6\"><a href=\"https:\/\/marskinmaja.net\/index.php\/videot\/\" itemprop=\"url\" tabindex=\"0\"><span class=\"avia-bullet\"><\/span><span class=\"avia-menu-text\">Videot<\/span><span class=\"avia-menu-fx\"><span class=\"avia-arrow-wrap\"><span class=\"avia-arrow\"><\/span><\/span><\/span><\/a><\/li>\n<li role=\"menuitem\" id=\"menu-item-350\" class=\"menu-item menu-item-type-custom menu-item-object-custom menu-item-top-level menu-item-top-level-7\"><a href=\"#pll_switcher\" itemprop=\"url\" tabindex=\"0\"><span class=\"avia-bullet\"><\/span><span class=\"avia-menu-text\">Kielet<\/span><span class=\"avia-menu-fx\"><span class=\"avia-arrow-wrap\"><span class=\"avia-arrow\"><\/span><\/span><\/span><\/a><\/li>\n<\/ul><\/div><\/div><div class='sticky_placeholder'><\/div>\n<div id='full_slider_1'  class='avia-fullwidth-slider main_color avia-shadow   avia-builder-el-1  el_after_av_submenu  el_before_av_heading   slider-not-first container_wrap fullsize'  ><div  class='avia-slideshow av-o6gg-3266a62679b38bb5ed11c51d1cccd046 avia-slideshow-featured av_slideshow_full avia-slide-slider av-slideshow-ui av-control-default av-slideshow-manual av-loop-once av-loop-manual-endless av-default-height-applied   avia-slideshow-1' data-slideshow-options=\"{&quot;animation&quot;:&quot;slide&quot;,&quot;autoplay&quot;:false,&quot;loop_autoplay&quot;:&quot;once&quot;,&quot;interval&quot;:5,&quot;loop_manual&quot;:&quot;manual-endless&quot;,&quot;autoplay_stopper&quot;:false,&quot;noNavigation&quot;:false,&quot;bg_slider&quot;:false,&quot;keep_padding&quot;:false,&quot;hoverpause&quot;:false,&quot;show_slide_delay&quot;:0}\"  itemprop=\"image\" itemscope=\"itemscope\" itemtype=\"https:\/\/schema.org\/ImageObject\" ><ul class='avia-slideshow-inner ' style='padding-bottom: 28.666666666667%;'><li  class='avia-slideshow-slide av-o6gg-3266a62679b38bb5ed11c51d1cccd046__0  slide-1 slide-odd'><div data-rel='slideshow-1' class='avia-slide-wrap '   ><img decoding=\"async\" fetchpriority=\"high\" class=\"wp-image-277 avia-img-lazy-loading-not-277\"  src=\"https:\/\/marskinmaja.net\/wp-content\/uploads\/2020\/09\/114682-1500x430.jpg\" width=\"1500\" height=\"430\" title='114682' alt=''  itemprop=\"thumbnailUrl\"   \/><\/div><\/li><li  class='avia-slideshow-slide av-o6gg-3266a62679b38bb5ed11c51d1cccd046__1  slide-2 slide-even'><div data-rel='slideshow-1' class='avia-slide-wrap '   ><img decoding=\"async\" fetchpriority=\"high\" class=\"wp-image-279 avia-img-lazy-loading-not-279\"  src=\"https:\/\/marskinmaja.net\/wp-content\/uploads\/2020\/09\/114684-1500x430.jpg\" width=\"1500\" height=\"430\" title='114684' alt=''  itemprop=\"thumbnailUrl\"   \/><\/div><\/li><\/ul><div class='avia-slideshow-arrows avia-slideshow-controls' ><a href='#prev' class='prev-slide ' aria-hidden='true' data-av_icon='\ue87c' data-av_iconfont='entypo-fontello'  tabindex='-1'>Previous<\/a><a href='#next' class='next-slide ' aria-hidden='true' data-av_icon='\ue87d' data-av_iconfont='entypo-fontello'  tabindex='-1'>Next<\/a><\/div><div class='avia-slideshow-dots avia-slideshow-controls'><a href='#1' class='goto-slide active' >1<\/a><a href='#2' class='goto-slide ' >2<\/a><\/div><\/div><\/div><div id='after_full_slider_1'  class='main_color av_default_container_wrap container_wrap fullsize'  ><div class='container av-section-cont-open' ><div class='template-page content  av-content-full alpha units'><div class='post-entry post-entry-type-page post-entry-12'><div class='entry-content-wrapper clearfix'>\n\n<style type=\"text\/css\" data-created_by=\"avia_inline_auto\" id=\"style-css-av-yai0-12acd0418cbdfa73b44a7a61b683c53b\">\n#top .av-special-heading.av-yai0-12acd0418cbdfa73b44a7a61b683c53b{\npadding-bottom:10px;\n}\nbody .av-special-heading.av-yai0-12acd0418cbdfa73b44a7a61b683c53b .av-special-heading-tag .heading-char{\nfont-size:25px;\n}\n.av-special-heading.av-yai0-12acd0418cbdfa73b44a7a61b683c53b .av-subheading{\nfont-size:15px;\n}\n<\/style>\n<div  class='av-special-heading av-yai0-12acd0418cbdfa73b44a7a61b683c53b av-special-heading-h3  avia-builder-el-2  el_after_av_slideshow_full  el_before_av_textblock  avia-builder-el-first '><h3 class='av-special-heading-tag'  itemprop=\"headline\"  >Marskin Maja<\/h3><div class=\"special-heading-border\"><div class=\"special-heading-inner-border\"><\/div><\/div><\/div>\n<section  class='av_textblock_section av-keemsjuk-ea02e1219801d0653c241bd3b4bf9b5d '   itemscope=\"itemscope\" itemtype=\"https:\/\/schema.org\/CreativeWork\" ><div class='avia_textblock'  itemprop=\"text\" ><p class=\"caption\"><a href=\"http:\/\/www.marskinmaja.net\/maja.htm\">Marskin Maja<\/a><\/p>\n<p><span style=\"font-size: small;\">Suomen marsalkka Mannerheimin mets\u00e4stysmaja eli Marskin Maja on suomalaisten sotilaiden ylip\u00e4\u00e4llik\u00f6lleen Suomen marsalkka C.G.Mannerheimille jatkosodan aikana rakentama ja lahjaksi antama mets\u00e4stysmaja marsalkan t\u00e4ytt\u00e4ess\u00e4 75 vuotta vuonna 1942. Maja rakennettiin Suomen valtakunnanrajan it\u00e4puolelle. Jatkosodan loppuvaiheessa vuonna 1944 se siirrettiin purettuna Suomen puolelle ja pystytettiin seuraavana vuonna uudelleen Lopelle Punelian j\u00e4rven rannalle. Nykyisin maja on avoinna my\u00f6s yleis\u00f6lle ja se tarjoaa monipuolisia palveluja.<\/span><\/p>\n<p class=\"caption\" align=\"center\"><a href=\"http:\/\/www.marskinmaja.net\/suomessa.htm\">Carl Gustaf Emil Mannerheim<\/a><br \/>\n1867 &#8211; 1951<\/p>\n<p><span style=\"font-size: small;\">Suomen marsalkka, vapaaherra Carl Gustaf Emil Mannerheim on yksi Suomen historian merkitt\u00e4vimmist\u00e4 suurmiehist\u00e4. H\u00e4n oli nelj\u00e4n sodan ylip\u00e4\u00e4llikk\u00f6, valtionhoitaja, tasavallan presidentti ja tutkimusmatkailija. H\u00e4n harrasti innokkaasti mets\u00e4styst\u00e4 ja ratsastusta. H\u00e4n eli nuoruutensa Ven\u00e4j\u00e4\u00e4n kuuluneessa Suomen suuriruhtinaskunnassa ja loi menestyksellisen uran Ven\u00e4j\u00e4n keisarikunnan upseerina. Ven\u00e4j\u00e4n vallankumouksen yhteydess\u00e4 vuonna 1917 h\u00e4n palasi Suomeen. Sek\u00e4 itsen\u00e4isen Suomen k\u00e4ymien sotien ylip\u00e4\u00e4llikk\u00f6n\u00e4 ett\u00e4 tasavallan presidenttin\u00e4 Mannerheimin viile\u00e4 harkintakyky ja poikkeuksellinen arvovalta sek\u00e4 Suomessa ett\u00e4 ulkomailla mahdollistivat osaltaan Suomen selviytymisen itsen\u00e4isyyden vaikeina ensimm\u00e4isin\u00e4 vuosikymmenin\u00e4..<br \/>\n<\/span><\/p>\n<\/div><\/section>\n\n<style type=\"text\/css\" data-created_by=\"avia_inline_auto\" id=\"style-css-av-1dwds-147e4c493e6f57cf9d59a921b5449ce6\">\n.flex_column.av-1dwds-147e4c493e6f57cf9d59a921b5449ce6{\nborder-radius:0px 0px 0px 0px;\npadding:0px 0px 0px 0px;\n}\n<\/style>\n<div  class='flex_column av-1dwds-147e4c493e6f57cf9d59a921b5449ce6 av_three_fifth  avia-builder-el-4  el_after_av_textblock  el_before_av_two_fifth  first flex_column_div av-zero-column-padding  column-top-margin'     ><div  class='avia-video av-l3zf7wqi-cfc316ac86fc1d079064921925a21ef1 avia-video-16-9 av-no-preview-image avia-video-load-always av-lazyload-immediate av-lazyload-video-embed'  itemprop=\"video\" itemtype=\"https:\/\/schema.org\/VideoObject\"  data-original_url='https:\/\/youtu.be\/tRuKIdEMeXU'><script type='text\/html' class='av-video-tmpl'><div class='avia-iframe-wrap'><iframe loading=\"lazy\" title=\"Suomen Marsalkka Mannerheimin Mets\u00e4stysmajasta\" width=\"1500\" height=\"844\" src=\"https:\/\/www.youtube.com\/embed\/tRuKIdEMeXU?feature=oembed&autoplay=0&loop=0&controls=1&mute=0\" frameborder=\"0\" allow=\"accelerometer; autoplay; clipboard-write; encrypted-media; gyroscope; picture-in-picture; web-share\" allowfullscreen><\/iframe><\/div><\/script><div class='av-click-to-play-overlay'><div class=\"avia_playpause_icon\"><\/div><\/div><\/div><\/div>\n\n<style type=\"text\/css\" data-created_by=\"avia_inline_auto\" id=\"style-css-av-1dwds-1-d592ca5268d8c8d875e04951c1b0dbed\">\n.flex_column.av-1dwds-1-d592ca5268d8c8d875e04951c1b0dbed{\nborder-radius:0px 0px 0px 0px;\npadding:0px 0px 0px 0px;\n}\n<\/style>\n<div  class='flex_column av-1dwds-1-d592ca5268d8c8d875e04951c1b0dbed av_two_fifth  avia-builder-el-6  el_after_av_three_fifth  avia-builder-el-last  flex_column_div av-zero-column-padding  column-top-margin'     ><section  class='av_textblock_section av-l3zfcz59-792fcd3127e3163df4cce38767ec609a '   itemscope=\"itemscope\" itemtype=\"https:\/\/schema.org\/CreativeWork\" ><div class='avia_textblock'  itemprop=\"text\" ><h3><b>Marskin Maja<\/b>\u00a0eli\u00a0<b>Suomen Marsalkka Mannerheimin Mets\u00e4stysmaja<\/b><\/h3>\n<p>Maja pihapiireineen rakennettiin 14. divisioonan syntym\u00e4p\u00e4iv\u00e4lahjaksi Mannerheimille vuonna 1942 ja sijaitsi Rukaj\u00e4rvell\u00e4. Alkuper\u00e4inen sijaintipaikka oli Lieksaj\u00e4rven rannalla Keih\u00e4sniemess\u00e4 Repolassa Suomen miehitt\u00e4m\u00e4ss\u00e4 It\u00e4-Karjalassa. Majan suunnittelijana toimi arkkitehti, luutnantti Eino Pitk\u00e4nen. Pitk\u00e4nen suunnitteli my\u00f6s majan sisustuksen, tekstiilej\u00e4 lukuun ottamatta.<sup id=\"cite_ref-2\" class=\"reference\"><\/sup> Maja luovutettiin lahjakirjalla Mannerheimille 5. kes\u00e4kuuta 1942.<sup id=\"cite_ref-yle_1-1\" class=\"reference\"><\/sup><\/p>\n<p>Jatkosodan lopussa maja purettiin ja sille etsittiin uusi paikka tulevan valtakunnanrajan l\u00e4nsipuolella. Majan alkuper\u00e4iset rakentajat pystyttiv\u00e4t rakennuksen uudelleen Punelian rannalle Lopelle touko- ja kes\u00e4kuun aikana 1945.<\/p>\n<\/div><\/section><\/div>\n","protected":false},"excerpt":{"rendered":"","protected":false},"author":2,"featured_media":0,"parent":0,"menu_order":0,"comment_status":"closed","ping_status":"closed","template":"","meta":{"footnotes":""},"class_list":["post-12","page","type-page","status-publish","hentry"],"_links":{"self":[{"href":"https:\/\/marskinmaja.net\/index.php\/wp-json\/wp\/v2\/pages\/12","targetHints":{"allow":["GET"]}}],"collection":[{"href":"https:\/\/marskinmaja.net\/index.php\/wp-json\/wp\/v2\/pages"}],"about":[{"href":"https:\/\/marskinmaja.net\/index.php\/wp-json\/wp\/v2\/types\/page"}],"author":[{"embeddable":true,"href":"https:\/\/marskinmaja.net\/index.php\/wp-json\/wp\/v2\/users\/2"}],"replies":[{"embeddable":true,"href":"https:\/\/marskinmaja.net\/index.php\/wp-json\/wp\/v2\/comments?post=12"}],"version-history":[{"count":16,"href":"https:\/\/marskinmaja.net\/index.php\/wp-json\/wp\/v2\/pages\/12\/revisions"}],"predecessor-version":[{"id":619,"href":"https:\/\/marskinmaja.net\/index.php\/wp-json\/wp\/v2\/pages\/12\/revisions\/619"}],"wp:attachment":[{"href":"https:\/\/marskinmaja.net\/index.php\/wp-json\/wp\/v2\/media?parent=12"}],"curies":[{"name":"wp","href":"https:\/\/api.w.org\/{rel}","templated":true}]}}