{"id":477,"date":"2020-09-17T03:17:48","date_gmt":"2020-09-17T03:17:48","guid":{"rendered":"https:\/\/marskin.ylirotu.fi\/?page_id=477"},"modified":"2020-09-18T15:50:50","modified_gmt":"2020-09-18T15:50:50","slug":"linkit","status":"publish","type":"page","link":"https:\/\/marskinmaja.net\/index.php\/linkit\/","title":{"rendered":"Linkit"},"content":{"rendered":"\n<style type=\"text\/css\" data-created_by=\"avia_inline_auto\" id=\"style-css-av-av_heading-978a8cf609887cdbafd9944bd623b859\">\n#top .av-special-heading.av-av_heading-978a8cf609887cdbafd9944bd623b859{\npadding-bottom:10px;\n}\nbody .av-special-heading.av-av_heading-978a8cf609887cdbafd9944bd623b859 .av-special-heading-tag .heading-char{\nfont-size:25px;\n}\n.av-special-heading.av-av_heading-978a8cf609887cdbafd9944bd623b859 .av-subheading{\nfont-size:15px;\n}\n<\/style>\n<div  class='av-special-heading av-av_heading-978a8cf609887cdbafd9944bd623b859 av-special-heading-h3  avia-builder-el-0  el_before_av_textblock  avia-builder-el-first '><h3 class='av-special-heading-tag'  itemprop=\"headline\"  >Linkit<\/h3><div class=\"special-heading-border\"><div class=\"special-heading-inner-border\"><\/div><\/div><\/div>\n<section  class='av_textblock_section av-kf68ovdb-9370cb1305070071feba569b7af5646b '   itemscope=\"itemscope\" itemtype=\"https:\/\/schema.org\/CreativeWork\" ><div class='avia_textblock'  itemprop=\"text\" ><table style=\"height: 200px;\" border=\"0\" width=\"500\" cellspacing=\"0\" cellpadding=\"2\">\n<tbody>\n<tr>\n<td width=\"186\"><a href=\"http:\/\/www.mannerheim.fi\/\" target=\"_blank\" rel=\"noopener noreferrer\">Mannerheim-sivusto<\/a><\/td>\n<\/tr>\n<tr>\n<td width=\"186\"><a href=\"http:\/\/www.mannerheim-museo.fi\/\" target=\"_blank\" rel=\"noopener noreferrer\">Mannerheim-museo<\/a><\/td>\n<\/tr>\n<tr>\n<td width=\"186\"><a href=\"http:\/\/www.marskinmaja.fi\/\" target=\"_blank\" rel=\"noopener noreferrer\">Marskin maja<\/a><\/td>\n<\/tr>\n<tr>\n<td width=\"186\"><a href=\"http:\/\/www.kadettikunta.fi\/\" target=\"_blank\" rel=\"noopener noreferrer\">Kadettikunta<\/a><\/td>\n<\/tr>\n<tr>\n<td width=\"186\"><a href=\"http:\/\/www.upseeriliitto.fi\/\" target=\"_blank\" rel=\"noopener noreferrer\">Upseeriliitto<\/a><\/td>\n<\/tr>\n<tr>\n<td width=\"186\"><a href=\"http:\/\/www.rul.fi\/\">Reserviupseeriliitto<\/a><\/td>\n<\/tr>\n<tr>\n<td width=\"186\">J\u00e4\u00e4k\u00e4riliitto<\/td>\n<\/tr>\n<\/tbody>\n<\/table>\n<\/div><\/section>\n\n<style type=\"text\/css\" data-created_by=\"avia_inline_auto\" id=\"style-css-av-av_heading-1f78e4bbba10810c8e6e0f1b101ed699\">\n#top .av-special-heading.av-av_heading-1f78e4bbba10810c8e6e0f1b101ed699{\npadding-bottom:10px;\n}\nbody .av-special-heading.av-av_heading-1f78e4bbba10810c8e6e0f1b101ed699 .av-special-heading-tag .heading-char{\nfont-size:25px;\n}\n.av-special-heading.av-av_heading-1f78e4bbba10810c8e6e0f1b101ed699 .av-subheading{\nfont-size:15px;\n}\n<\/style>\n<div  class='av-special-heading av-av_heading-1f78e4bbba10810c8e6e0f1b101ed699 av-special-heading-h3  avia-builder-el-2  el_after_av_textblock  el_before_av_textblock '><h3 class='av-special-heading-tag'  itemprop=\"headline\"  >L\u00e4hteet<\/h3><div class=\"special-heading-border\"><div class=\"special-heading-inner-border\"><\/div><\/div><\/div>\n<section  class='av_textblock_section av-kf68rjdf-72824cbcfcaebba326ea90c8309905b6 '   itemscope=\"itemscope\" itemtype=\"https:\/\/schema.org\/CreativeWork\" ><div class='avia_textblock'  itemprop=\"text\" ><table border=\"0\" width=\"651\" cellspacing=\"0\" cellpadding=\"2\">\n<tbody>\n<tr>\n<td width=\"186\">Friman, Paavo<\/td>\n<td width=\"457\">Mannerheimin matkassa, Jyv\u00e4skyl\u00e4 1997<\/td>\n<\/tr>\n<tr>\n<td width=\"186\">Heinrichs, Erik<\/td>\n<td width=\"457\">Mannerheim Suomen kohtaloissa I-II, Keuruu 1957,1960<\/td>\n<\/tr>\n<tr>\n<td width=\"186\">J\u00e4gerski\u00f6ld, Stig<\/td>\n<td width=\"457\">Mannerheim rauhan vuosina 1920 &#8211; 1939, Keuruu 1973<\/td>\n<\/tr>\n<tr>\n<td width=\"186\">Klinge, Matti<\/td>\n<td width=\"457\">Mannerheimin kuvael\u00e4m\u00e4kerta, Keuruu 1993<\/td>\n<\/tr>\n<tr>\n<td width=\"186\">Mannerheim, G<\/td>\n<td width=\"457\">Muistelmat I-II, Helsinki 1951, 1952<\/td>\n<\/tr>\n<tr>\n<td width=\"186\">Meri, Veijo<\/td>\n<td width=\"457\">C.G. Mannerheim Suomen Marsalkka, Porvoo 1989<\/td>\n<\/tr>\n<tr>\n<td width=\"186\">Norrback, M\u00e4rtha (toim.)<\/td>\n<td width=\"457\">Marsalkan koti, Mannerheim &#8211; museon vuosikymmenet, Helsinki 2001<\/td>\n<\/tr>\n<tr>\n<td width=\"186\">Ojala, Ilmari<\/td>\n<td width=\"457\">Mannerheimin p\u00e4\u00e4majan arkea ja juhlaa, H\u00e4meenlinna 2000<\/td>\n<\/tr>\n<tr>\n<td width=\"186\">Perttuli, Pentti<\/td>\n<td width=\"457\">Marskin majan vaiheita 1942-1992, Helsinki 1992<\/td>\n<\/tr>\n<tr>\n<td width=\"186\">Screen, J.E.O.<\/td>\n<td width=\"457\">Mannerheim, Keuruu 2001<\/td>\n<\/tr>\n<tr>\n<td width=\"186\">Soikkanen, Mauri<\/td>\n<td width=\"457\">Presidentit er\u00e4miehin\u00e4, Jyv\u00e4skyl\u00e4 1997<\/td>\n<\/tr>\n<tr>\n<td width=\"186\">Toimitusneuvosto<\/td>\n<td width=\"457\">Mannerheim Tuttu ja tuntematon, Valitut Palat Belgia 1998<\/td>\n<\/tr>\n<tr>\n<td width=\"186\">Turtola, Martti &#8211; Friman, Paavo &#8211;<\/td>\n<td width=\"457\">Mannerheim-Kirja, Mannerheim-postikortit, Jyv\u00e4skyl\u00e4 2001<\/td>\n<\/tr>\n<tr>\n<td width=\"186\"><\/td>\n<td width=\"457\"><\/td>\n<\/tr>\n<tr>\n<td width=\"186\">Kuvat<\/td>\n<td width=\"457\">Mannerheim Museo<\/td>\n<\/tr>\n<tr>\n<td width=\"186\"><\/td>\n<td width=\"457\">SA-Kuvat<\/td>\n<\/tr>\n<tr>\n<td width=\"186\"><\/td>\n<td width=\"457\">Finna<\/td>\n<\/tr>\n<\/tbody>\n<\/table>\n<\/div><\/section>\n","protected":false},"excerpt":{"rendered":"","protected":false},"author":3,"featured_media":0,"parent":0,"menu_order":0,"comment_status":"closed","ping_status":"closed","template":"","meta":{"footnotes":""},"class_list":["post-477","page","type-page","status-publish","hentry"],"_links":{"self":[{"href":"https:\/\/marskinmaja.net\/index.php\/wp-json\/wp\/v2\/pages\/477","targetHints":{"allow":["GET"]}}],"collection":[{"href":"https:\/\/marskinmaja.net\/index.php\/wp-json\/wp\/v2\/pages"}],"about":[{"href":"https:\/\/marskinmaja.net\/index.php\/wp-json\/wp\/v2\/types\/page"}],"author":[{"embeddable":true,"href":"https:\/\/marskinmaja.net\/index.php\/wp-json\/wp\/v2\/users\/3"}],"replies":[{"embeddable":true,"href":"https:\/\/marskinmaja.net\/index.php\/wp-json\/wp\/v2\/comments?post=477"}],"version-history":[{"count":5,"href":"https:\/\/marskinmaja.net\/index.php\/wp-json\/wp\/v2\/pages\/477\/revisions"}],"predecessor-version":[{"id":530,"href":"https:\/\/marskinmaja.net\/index.php\/wp-json\/wp\/v2\/pages\/477\/revisions\/530"}],"wp:attachment":[{"href":"https:\/\/marskinmaja.net\/index.php\/wp-json\/wp\/v2\/media?parent=477"}],"curies":[{"name":"wp","href":"https:\/\/api.w.org\/{rel}","templated":true}]}}